{"id":78,"date":"2026-02-19T13:52:16","date_gmt":"2026-02-19T13:52:16","guid":{"rendered":"https:\/\/ntr92rl.fr\/?page_id=78"},"modified":"2026-02-19T13:55:49","modified_gmt":"2026-02-19T13:55:49","slug":"entrainements","status":"publish","type":"page","link":"https:\/\/ntr92rl.fr\/index.php\/entrainements\/","title":{"rendered":"Entra\u00eenements"},"content":{"rendered":"<div class=\"wp-block-image\">\n<figure class=\"aligncenter size-large\"><img loading=\"lazy\" decoding=\"async\" width=\"1024\" height=\"577\" src=\"https:\/\/ntr92rl.fr\/wp-content\/uploads\/2026\/02\/20250312_185853-Copie-1-1024x577.jpg\" alt=\"\" class=\"wp-image-80\" srcset=\"https:\/\/ntr92rl.fr\/wp-content\/uploads\/2026\/02\/20250312_185853-Copie-1-1024x577.jpg 1024w, https:\/\/ntr92rl.fr\/wp-content\/uploads\/2026\/02\/20250312_185853-Copie-1-300x169.jpg 300w, https:\/\/ntr92rl.fr\/wp-content\/uploads\/2026\/02\/20250312_185853-Copie-1-768x432.jpg 768w, https:\/\/ntr92rl.fr\/wp-content\/uploads\/2026\/02\/20250312_185853-Copie-1-1536x865.jpg 1536w, https:\/\/ntr92rl.fr\/wp-content\/uploads\/2026\/02\/20250312_185853-Copie-1-2048x1153.jpg 2048w, https:\/\/ntr92rl.fr\/wp-content\/uploads\/2026\/02\/20250312_185853-Copie-1-1200x676.jpg 1200w, https:\/\/ntr92rl.fr\/wp-content\/uploads\/2026\/02\/20250312_185853-Copie-1-1980x1115.jpg 1980w\" sizes=\"auto, (max-width: 1024px) 100vw, 1024px\" \/><\/figure>\n<\/div>\n\n\n<p>Lieu :<\/p>\n\n\n\n<p>Stade Jean GUIMIER<\/p>\n\n\n\n<p>107 Avenue Pablo Picasso &#8211; 92000 Nanterre<\/p>\n\n\n\n<p class=\"has-text-align-center\"><strong>Rugby \u00e0 XIII<\/strong><\/p>\n\n\n\n<ul class=\"wp-block-list\">\n<li>Mardi<\/li>\n<\/ul>\n\n\n\n<p>Ecole de Rugby (U7 \u00e0 U13) \/ U15 : 18 heures 15 \u00e0 19 heures 30<\/p>\n\n\n\n<p>&gt; U15 et S\u00e9niors : 19 heures 30 \u00e0 21 heures 30<\/p>\n\n\n\n<ul class=\"wp-block-list\">\n<li>Jeudi :<\/li>\n<\/ul>\n\n\n\n<p>Jeunes (U11 \/ U13) \/ U15 : de 18 heures 15 \u00e0 19 heures 30<\/p>\n\n\n\n<p>&gt; U15 et S\u00e9niors : 19 heures 30 \u00e0 21 heures 30<\/p>\n\n\n\n<p class=\"has-text-align-center\"><strong>Touch Rugby<\/strong><\/p>\n\n\n\n<ul class=\"wp-block-list\">\n<li>Mercredi :<\/li>\n<\/ul>\n\n\n\n<p>U15 et Adultes : de 20 heures \u00e0 21 heures 30.<\/p>\n\n\n\n<p>Acc\u00e8s aux vestiaires \u00e0 partir de 19 heures 30.<\/p>\n\n\n\n<p><\/p>\n","protected":false},"excerpt":{"rendered":"<p>Lieu : Stade Jean GUIMIER 107 Avenue Pablo Picasso &#8211; 92000 Nanterre Rugby \u00e0 XIII Ecole de Rugby (U7 \u00e0 U13) \/ U15 : 18 heures 15 \u00e0 19 heures 30 &gt; U15 et S\u00e9niors : 19 heures 30 \u00e0 21 heures 30 Jeunes (U11 \/ U13) \/ U15 : de 18 heures 15 \u00e0 [&hellip;]<\/p>\n","protected":false},"author":1,"featured_media":0,"parent":0,"menu_order":0,"comment_status":"closed","ping_status":"closed","template":"","meta":{"footnotes":""},"class_list":["post-78","page","type-page","status-publish","hentry"],"_links":{"self":[{"href":"https:\/\/ntr92rl.fr\/index.php\/wp-json\/wp\/v2\/pages\/78","targetHints":{"allow":["GET"]}}],"collection":[{"href":"https:\/\/ntr92rl.fr\/index.php\/wp-json\/wp\/v2\/pages"}],"about":[{"href":"https:\/\/ntr92rl.fr\/index.php\/wp-json\/wp\/v2\/types\/page"}],"author":[{"embeddable":true,"href":"https:\/\/ntr92rl.fr\/index.php\/wp-json\/wp\/v2\/users\/1"}],"replies":[{"embeddable":true,"href":"https:\/\/ntr92rl.fr\/index.php\/wp-json\/wp\/v2\/comments?post=78"}],"version-history":[{"count":3,"href":"https:\/\/ntr92rl.fr\/index.php\/wp-json\/wp\/v2\/pages\/78\/revisions"}],"predecessor-version":[{"id":88,"href":"https:\/\/ntr92rl.fr\/index.php\/wp-json\/wp\/v2\/pages\/78\/revisions\/88"}],"wp:attachment":[{"href":"https:\/\/ntr92rl.fr\/index.php\/wp-json\/wp\/v2\/media?parent=78"}],"curies":[{"name":"wp","href":"https:\/\/api.w.org\/{rel}","templated":true}]}}