{"id":59,"date":"2026-02-18T14:46:44","date_gmt":"2026-02-18T14:46:44","guid":{"rendered":"https:\/\/ntr92rl.fr\/?page_id=59"},"modified":"2026-02-18T14:46:44","modified_gmt":"2026-02-18T14:46:44","slug":"mentions-legales","status":"publish","type":"page","link":"https:\/\/ntr92rl.fr\/index.php\/mentions-legales\/","title":{"rendered":"Mentions l\u00e9gales"},"content":{"rendered":"\n<p><strong>Le site<\/strong><\/p>\n\n\n\n<p>Le site accessible via l\u2019url <strong>ntr92rl.fr <\/strong>est \u00e9dit\u00e9 par Nanterre 92 Rugby League, Association Loi 1901<strong>, reconnue d\u2019utilit\u00e9 publique par d\u00e9cret publi\u00e9 au Journal Officiel le 23 juillet 2003 <\/strong>ayant son si\u00e8ge social au 140, Rue Salvador Allende \u2013 92000 Nanterre \u2013 France.<\/p>\n\n\n\n<p>Le directeur de la publication est Foued EL FEKIH, pr\u00e9sident du&nbsp;Nanterre 92 Rugby League.<\/p>\n\n\n\n<p><strong>Le Site est h\u00e9berg\u00e9 par OVH Cloud dont le si\u00e8ge social est situ\u00e9 2 RUE KELLERMANN 59100 ROUBAIX \u2013 <\/strong><strong>FRANCE<\/strong><\/p>\n\n\n\n<p>En utilisant le Site, l\u2019utilisateur accepte les pr\u00e9sentes conditions d\u2019utilisation.<\/p>\n\n\n\n<p><strong>Propri\u00e9t\u00e9 intellectuelle<\/strong><\/p>\n\n\n\n<p><strong>Logo<\/strong><\/p>\n\n\n\n<p>Le logo <strong>du Nanterre 92 Rugby League<\/strong> a fait l\u2019objet d\u2019un d\u00e9p\u00f4t de marque aupr\u00e8s de l\u2019Institut national de la propri\u00e9t\u00e9 industriel (INPI). Cette marque ne peut donc \u00eatre reproduite sans l\u2019autorisation d\u2019Amnesty International France. Toute utilisation du nom ou du logo d\u2019Amnesty International France, sans autorisation constitue une contrefa\u00e7on, dor\u00e9navant punie de peines pouvant aller jusqu\u2019\u00e0 six ans d\u2019emprisonnement et 400 000 \u20ac d\u2019amende en cas de poursuites.<\/p>\n\n\n\n<p><strong>Droits d\u2019auteur<\/strong><\/p>\n\n\n\n<p>En application du Code fran\u00e7ais de la Propri\u00e9t\u00e9 Intellectuelle et, plus g\u00e9n\u00e9ralement, des trait\u00e9s et accords internationaux comportant des dispositions relatives \u00e0 la protection des droits d\u2019auteurs, il est interdit pour un usage autre que priv\u00e9 de reproduire, vendre, distribuer, \u00e9mettre, diffuser, adapter, modifier, publier, communiquer int\u00e9gralement ou partiellement, sous quelque forme que ce soit, les donn\u00e9es, la pr\u00e9sentation ou l\u2019organisation du site, ou les \u0153uvres prot\u00e9g\u00e9es par le droit d\u2019auteur qui figurent sur le site ntr92rl.fr sans autorisation \u00e9crite particuli\u00e8re et pr\u00e9alable de l\u2019association Nanterre 92 Rugby League.<\/p>\n\n\n\n<p><strong>Cr\u00e9dits photographiques et droits des illustrations<\/strong><\/p>\n\n\n\n<p>Les photographies et illustrations visibles sur notre site ne sont pas libres de droit. Pour tout renseignement veuillez contacter le webmestre (nanterre92rl@gmail.com)<\/p>\n\n\n\n<p><strong>Liens<\/strong><\/p>\n\n\n\n<p>Les responsables de services en ligne (autres sites web) qui cr\u00e9ent des liens vers ce site sont tenus d\u2019en informer le webmestre (nanterre92rl@gmail.com)<\/p>\n\n\n\n<p>du Nanterre 92 Rugby League pour autorisation.<\/p>\n\n\n\n<p><strong>Protection des donn\u00e9es personnelles<\/strong><\/p>\n\n\n\n<p>Dans le cadre de l\u2019utilisation du site <strong><a href=\"http:\/\/www.ntr92rl.fr\">http:\/\/www.ntr92rl.fr<\/a>, l\u2019association Nanterre 92 Rugby League<\/strong> va proc\u00e9der au traitement de certaines donn\u00e9es \u00e0 caract\u00e8re personnel concernant les utilisateurs. Ces traitements s\u2019effectuent dans le respect de la Loi n\u00b078-17 du 6 janvier 1978 modifi\u00e9e relative \u00e0 l\u2019informatique, aux fichiers et aux libert\u00e9s (\u00ab Loi Informatique et Libert\u00e9s \u00bb) et du R\u00e8glement europ\u00e9en du 25 mai 2018 sur la protection des donn\u00e9es (\u00ab RGPD \u00bb).<\/p>\n\n\n\n<p><strong>Droit applicable en cas de litige<\/strong><\/p>\n\n\n\n<p>Le pr\u00e9sent site est soumis au droit fran\u00e7ais. Tout litige relatif au site sera soumis \u00e0 la comp\u00e9tente des tribunaux du ressort de la Cour d\u2019appel de Paris.<\/p>\n\n\n\n<p><strong>Coordonn\u00e9es<\/strong><\/p>\n\n\n\n<p>Nanterre 92 Rugby League \u2013 140 Rue Salvador Allende \u2013 92000 Nanterre<\/p>\n\n\n\n<p>Courriel&nbsp;: nanterre92rl@gmail.com<\/p>\n\n\n\n<p>SIRET : 508 948 635 00026 | APE&nbsp;: 94.99Z<\/p>\n","protected":false},"excerpt":{"rendered":"<p>Le site Le site accessible via l\u2019url ntr92rl.fr est \u00e9dit\u00e9 par Nanterre 92 Rugby League, Association Loi 1901, reconnue d\u2019utilit\u00e9 publique par d\u00e9cret publi\u00e9 au Journal Officiel le 23 juillet 2003 ayant son si\u00e8ge social au 140, Rue Salvador Allende \u2013 92000 Nanterre \u2013 France. Le directeur de la publication est Foued EL FEKIH, pr\u00e9sident [&hellip;]<\/p>\n","protected":false},"author":1,"featured_media":0,"parent":0,"menu_order":0,"comment_status":"closed","ping_status":"closed","template":"","meta":{"footnotes":""},"class_list":["post-59","page","type-page","status-publish","hentry"],"_links":{"self":[{"href":"https:\/\/ntr92rl.fr\/index.php\/wp-json\/wp\/v2\/pages\/59","targetHints":{"allow":["GET"]}}],"collection":[{"href":"https:\/\/ntr92rl.fr\/index.php\/wp-json\/wp\/v2\/pages"}],"about":[{"href":"https:\/\/ntr92rl.fr\/index.php\/wp-json\/wp\/v2\/types\/page"}],"author":[{"embeddable":true,"href":"https:\/\/ntr92rl.fr\/index.php\/wp-json\/wp\/v2\/users\/1"}],"replies":[{"embeddable":true,"href":"https:\/\/ntr92rl.fr\/index.php\/wp-json\/wp\/v2\/comments?post=59"}],"version-history":[{"count":1,"href":"https:\/\/ntr92rl.fr\/index.php\/wp-json\/wp\/v2\/pages\/59\/revisions"}],"predecessor-version":[{"id":60,"href":"https:\/\/ntr92rl.fr\/index.php\/wp-json\/wp\/v2\/pages\/59\/revisions\/60"}],"wp:attachment":[{"href":"https:\/\/ntr92rl.fr\/index.php\/wp-json\/wp\/v2\/media?parent=59"}],"curies":[{"name":"wp","href":"https:\/\/api.w.org\/{rel}","templated":true}]}}