{"id":56,"date":"2026-02-18T12:49:16","date_gmt":"2026-02-18T12:49:16","guid":{"rendered":"https:\/\/ntr92rl.fr\/?page_id=56"},"modified":"2026-02-18T12:49:16","modified_gmt":"2026-02-18T12:49:16","slug":"qui-sommes-nous","status":"publish","type":"page","link":"https:\/\/ntr92rl.fr\/index.php\/qui-sommes-nous\/","title":{"rendered":"Qui sommes-nous ?"},"content":{"rendered":"\n<p>Cr\u00e9\u00e9e le 23 juillet 2003 par feu Monsieur R\u00e9gis OSMONT, Nanterre 92 Rugby League (NTR92RL) est une association sportive de Rugby \u00e0 XIII, promouvant ce sport sur la commune de Nanterre, le d\u00e9partement des Hauts-De-Seine et la r\u00e9gion Ile-De-France.<\/p>\n\n\n\n<p><\/p>\n","protected":false},"excerpt":{"rendered":"<p>Cr\u00e9\u00e9e le 23 juillet 2003 par feu Monsieur R\u00e9gis OSMONT, Nanterre 92 Rugby League (NTR92RL) est une association sportive de Rugby \u00e0 XIII, promouvant ce sport sur la commune de Nanterre, le d\u00e9partement des Hauts-De-Seine et la r\u00e9gion Ile-De-France.<\/p>\n","protected":false},"author":1,"featured_media":0,"parent":0,"menu_order":0,"comment_status":"closed","ping_status":"closed","template":"","meta":{"footnotes":""},"class_list":["post-56","page","type-page","status-publish","hentry"],"_links":{"self":[{"href":"https:\/\/ntr92rl.fr\/index.php\/wp-json\/wp\/v2\/pages\/56","targetHints":{"allow":["GET"]}}],"collection":[{"href":"https:\/\/ntr92rl.fr\/index.php\/wp-json\/wp\/v2\/pages"}],"about":[{"href":"https:\/\/ntr92rl.fr\/index.php\/wp-json\/wp\/v2\/types\/page"}],"author":[{"embeddable":true,"href":"https:\/\/ntr92rl.fr\/index.php\/wp-json\/wp\/v2\/users\/1"}],"replies":[{"embeddable":true,"href":"https:\/\/ntr92rl.fr\/index.php\/wp-json\/wp\/v2\/comments?post=56"}],"version-history":[{"count":1,"href":"https:\/\/ntr92rl.fr\/index.php\/wp-json\/wp\/v2\/pages\/56\/revisions"}],"predecessor-version":[{"id":57,"href":"https:\/\/ntr92rl.fr\/index.php\/wp-json\/wp\/v2\/pages\/56\/revisions\/57"}],"wp:attachment":[{"href":"https:\/\/ntr92rl.fr\/index.php\/wp-json\/wp\/v2\/media?parent=56"}],"curies":[{"name":"wp","href":"https:\/\/api.w.org\/{rel}","templated":true}]}}