{"id":22,"date":"2026-02-18T10:27:57","date_gmt":"2026-02-18T10:27:57","guid":{"rendered":"https:\/\/ntr92rl.fr\/?page_id=22"},"modified":"2026-02-19T14:03:00","modified_gmt":"2026-02-19T14:03:00","slug":"contact","status":"publish","type":"page","link":"https:\/\/ntr92rl.fr\/index.php\/contact\/","title":{"rendered":"Contact et adh\u00e9sion"},"content":{"rendered":"\n<p><\/p>\n\n\n\n<h2 class=\"wp-block-heading has-text-align-center\">Contact<\/h2>\n\n\n\n<p>Monsieur Foued EL FEKIH \u2013 Pr\u00e9sident<\/p>\n\n\n\n<p>Monsieur Maxime BOUTRY \u2013 Secr\u00e9taire G\u00e9n\u00e9ral<\/p>\n\n\n\n<p>Courriel : nanterre92rl@gmail.com<\/p>\n\n\n\n<p><\/p>\n\n\n\n<h2 class=\"wp-block-heading has-text-align-center\">Adh\u00e9sion<\/h2>\n\n\n\n<p>Cotisation et licence(s) = 150,00 \u20ac<\/p>\n\n\n\n<p>Les documents d\u2019adh\u00e9sion et de licence sont disponibles aupr\u00e8s des entra\u00eeneurs ou par courriel en faisant votre demande \u00e0 l\u2019adresse suivante : nanterre92rl@gmail.com<\/p>\n","protected":false},"excerpt":{"rendered":"<p>Contact Monsieur Foued EL FEKIH \u2013 Pr\u00e9sident Monsieur Maxime BOUTRY \u2013 Secr\u00e9taire G\u00e9n\u00e9ral Courriel : nanterre92rl@gmail.com Adh\u00e9sion Cotisation et licence(s) = 150,00 \u20ac Les documents d\u2019adh\u00e9sion et de licence sont disponibles aupr\u00e8s des entra\u00eeneurs ou par courriel en faisant votre demande \u00e0 l\u2019adresse suivante : nanterre92rl@gmail.com<\/p>\n","protected":false},"author":1,"featured_media":0,"parent":0,"menu_order":0,"comment_status":"closed","ping_status":"closed","template":"","meta":{"footnotes":""},"class_list":["post-22","page","type-page","status-publish","hentry"],"_links":{"self":[{"href":"https:\/\/ntr92rl.fr\/index.php\/wp-json\/wp\/v2\/pages\/22","targetHints":{"allow":["GET"]}}],"collection":[{"href":"https:\/\/ntr92rl.fr\/index.php\/wp-json\/wp\/v2\/pages"}],"about":[{"href":"https:\/\/ntr92rl.fr\/index.php\/wp-json\/wp\/v2\/types\/page"}],"author":[{"embeddable":true,"href":"https:\/\/ntr92rl.fr\/index.php\/wp-json\/wp\/v2\/users\/1"}],"replies":[{"embeddable":true,"href":"https:\/\/ntr92rl.fr\/index.php\/wp-json\/wp\/v2\/comments?post=22"}],"version-history":[{"count":5,"href":"https:\/\/ntr92rl.fr\/index.php\/wp-json\/wp\/v2\/pages\/22\/revisions"}],"predecessor-version":[{"id":90,"href":"https:\/\/ntr92rl.fr\/index.php\/wp-json\/wp\/v2\/pages\/22\/revisions\/90"}],"wp:attachment":[{"href":"https:\/\/ntr92rl.fr\/index.php\/wp-json\/wp\/v2\/media?parent=22"}],"curies":[{"name":"wp","href":"https:\/\/api.w.org\/{rel}","templated":true}]}}